{"id":134,"date":"2025-07-24T10:53:07","date_gmt":"2025-07-24T08:53:07","guid":{"rendered":"https:\/\/tinkino.org\/en\/?page_id=134"},"modified":"2026-04-06T21:18:35","modified_gmt":"2026-04-06T19:18:35","slug":"venue","status":"publish","type":"page","link":"https:\/\/tinkino.org\/en\/archive\/tink-2025\/venue\/","title":{"rendered":"Venue"},"content":{"rendered":"\n<div class=\"wp-block-group alignfull is-style-section-3 has-background has-global-padding is-content-justification-center is-layout-constrained wp-container-core-group-is-layout-342046ce wp-block-group-is-layout-constrained is-style-section-3--1\" style=\"background-color:#e2d7ee;margin-top:0;margin-bottom:0;padding-top:var(--wp--preset--spacing--50);padding-bottom:var(--wp--preset--spacing--50)\">\n<div class=\"wp-block-columns alignwide is-layout-flex wp-container-core-columns-is-layout-47c06fe3 wp-block-columns-is-layout-flex\">\n<div class=\"wp-block-column is-vertically-aligned-top is-layout-flow wp-block-column-is-layout-flow\">\n<div class=\"wp-block-group is-vertical is-content-justification-stretch is-layout-flex wp-container-core-group-is-layout-861dccc2 wp-block-group-is-layout-flex\" style=\"min-height:100%\">\n<div class=\"wp-block-group is-horizontal is-nowrap is-layout-flex wp-container-core-group-is-layout-a5c23b63 wp-block-group-is-layout-flex\" style=\"margin-top:-19px;margin-bottom:-19px;padding-top:0;padding-right:0;padding-bottom:0;padding-left:0\">\n<p class=\"has-custom-c-63-d-23-color has-text-color has-link-color has-impacted-font-family wp-elements-38139c7d1ab052602d767f847b71c4ba\" style=\"margin-top:0;margin-right:0;margin-bottom:0;margin-left:0;padding-top:0;padding-bottom:0;font-size:clamp(2.629rem, 2.629rem + ((1vw - 0.2rem) * 3.719), 5rem);\">2025: B<\/p>\n\n\n\n<p class=\"has-custom-c-63-d-23-color has-text-color has-link-color wp-elements-fe8710dbdf1c15cb40accc7dee277a82\" style=\"margin-right:0;margin-left:0;font-size:clamp(2.629em, 2.629rem + ((1vw - 0.2em) * 3.719), 5em);font-style:normal;font-weight:1000\">\u2012<\/p>\n\n\n\n<p class=\"has-custom-c-63-d-23-color has-text-color has-link-color has-impacted-font-family wp-elements-d5d650855b4d42a199f306ff0878e8b5\" style=\"margin-right:0;margin-left:0;font-size:clamp(2.629em, 2.629rem + ((1vw - 0.2em) * 3.719), 5em);\">Movie<\/p>\n<\/div>\n\n\n\n<p style=\"line-height:1.5\">The B-Movie Kulturinitiative (cultural institution) in Hamburg&#8217;s St. Pauli district is an independent, volunteer-run cinema that has been an integral part of the city&#8217;s cultural scene since 1987. Free from commercial constraints, the B-Movie is committed to providing an unconventional and multi-layered cinema and cultural programme.<\/p>\n\n\n\n<p class=\"has-medium-font-size\" style=\"margin-top:0;margin-bottom:0;text-transform:lowercase\"><a href=\"https:\/\/www.b-movie.de\/\" target=\"_blank\" rel=\"noreferrer noopener\">www.b-movie.de<\/a><\/p>\n\n\n\n<h3 class=\"wp-block-heading anmerkung-ort is-style-default has-custom-c-63-d-23-color has-text-color has-link-color has-impacted-font-family wp-elements-3eb13518947c18e43601addfe5e57460\" style=\"margin-top:var(--wp--preset--spacing--20);font-size:clamp(1.403rem, 1.403rem + ((1vw - 0.2rem) * 1.407), 2.3rem);letter-spacing:1.4px\">Admission<\/h3>\n\n\n\n<p style=\"line-height:1.5\">As a general rule, a cinema ticket costs between \u20ac4 and \u20ac8, with anything over \u20ac4 being a donation to the cinema. Therefore, it is up to you how much you can or want to pay.<\/p>\n\n\n\n<p><a href=\"https:\/\/www.b-movie.de\/kontakt\/vorbestellung\" target=\"_blank\" rel=\"noreferrer noopener\">You can reserve tickets here.<\/a><\/p>\n\n\n\n<h3 class=\"wp-block-heading anmerkung-ort is-style-default has-custom-c-63-d-23-color has-text-color has-link-color has-impacted-font-family wp-elements-ee0e9980d1e4b72b1e0f8cd04366efc0\" style=\"margin-top:0;margin-bottom:-15px;padding-top:0;padding-bottom:0;font-size:clamp(1.403rem, 1.403rem + ((1vw - 0.2rem) * 1.407), 2.3rem);letter-spacing:1.4px\">How to get there<\/h3>\n\n\n\n<p style=\"line-height:1.5\">You will find the B-Movie cinema in the backyard of Brigittenstra\u00dfe 5 in Hamburg.<\/p>\n\n\n\n<p style=\"line-height:1.5\"><strong>Nearby public transport:<\/strong><br>Take the S1 or S3 to Reeperbahn.<br>U3 to Feldstra\u00dfe.<br>Bus stops: Paulinenstra\u00dfe, Gro\u00dfe Freiheit, Paul-Roosen-Stra\u00dfe, Feldstra\u00dfe and Reeperbahn.<\/p>\n\n\n\n<p style=\"line-height:1.5\">You can find <a href=\"https:\/\/www.b-movie.de\/kino\/wegbeschreibung.html\">directions and a printable address<\/a> on the B-Movie website.<\/p>\n<\/div>\n<\/div>\n\n\n\n<div class=\"wp-block-column is-vertically-aligned-top is-layout-flow wp-block-column-is-layout-flow\">\n<figure class=\"wp-block-image aligncenter size-full\" style=\"margin-bottom:var(--wp--preset--spacing--50)\"><img loading=\"lazy\" decoding=\"async\" width=\"420\" height=\"410\" src=\"https:\/\/tinkino.org\/en\/wp-content\/uploads\/sites\/3\/2025\/07\/b-movie-plan-klein.gif\" alt=\"Map\" class=\"wp-image-207\"\/><\/figure>\n\n\n\n<h3 class=\"wp-block-heading anmerkung-ort is-style-default has-custom-c-63-d-23-color has-text-color has-link-color has-impacted-font-family wp-elements-e1792c2626c9242e884d4809dd7465c1\" style=\"font-size:clamp(1.403rem, 1.403rem + ((1vw - 0.2rem) * 1.407), 2.3rem);letter-spacing:1.4px\">Accessibility<\/h3>\n\n\n\n<p style=\"line-height:1.5\">There are no public transport stops directly outside the B-Movie. The nearest bus stop, Paulinenstra\u00dfe, is 350 metres away.<br>The Feldstra\u00dfe U-Bahn and Reeperbahn S-Bahn stops are around 700 metres away.<br>The cinema does not have its own parking spaces; the nearest parking garage is about 300 metres away.<br>The cinema can be reached via the cobblestones in the backyard. The cinema is not wheelchair accessible.<br>There is one step up to the toilet.<br>There are four steps up to the movie auditorium.<br>The films do not have accessible subtitles.<\/p>\n<\/div>\n<\/div>\n<\/div>\n\n\n\n<p><\/p>\n","protected":false},"excerpt":{"rendered":"<p>2025: B \u2012 Movie The B-Movie Kulturinitiative (cultural institution) in Hamburg&#8217;s St. Pauli district is an independent, volunteer-run cinema that has been an integral part of the city&#8217;s cultural scene since 1987. Free from commercial constraints, the B-Movie is committed to providing an unconventional and multi-layered cinema and cultural programme. www.b-movie.de Admission As a general [&hellip;]<\/p>\n","protected":false},"author":1,"featured_media":0,"parent":557,"menu_order":0,"comment_status":"closed","ping_status":"closed","template":"page-no-title","meta":{"footnotes":""},"class_list":["post-134","page","type-page","status-publish","hentry"],"_links":{"self":[{"href":"https:\/\/tinkino.org\/en\/wp-json\/wp\/v2\/pages\/134","targetHints":{"allow":["GET"]}}],"collection":[{"href":"https:\/\/tinkino.org\/en\/wp-json\/wp\/v2\/pages"}],"about":[{"href":"https:\/\/tinkino.org\/en\/wp-json\/wp\/v2\/types\/page"}],"author":[{"embeddable":true,"href":"https:\/\/tinkino.org\/en\/wp-json\/wp\/v2\/users\/1"}],"replies":[{"embeddable":true,"href":"https:\/\/tinkino.org\/en\/wp-json\/wp\/v2\/comments?post=134"}],"version-history":[{"count":21,"href":"https:\/\/tinkino.org\/en\/wp-json\/wp\/v2\/pages\/134\/revisions"}],"predecessor-version":[{"id":565,"href":"https:\/\/tinkino.org\/en\/wp-json\/wp\/v2\/pages\/134\/revisions\/565"}],"up":[{"embeddable":true,"href":"https:\/\/tinkino.org\/en\/wp-json\/wp\/v2\/pages\/557"}],"wp:attachment":[{"href":"https:\/\/tinkino.org\/en\/wp-json\/wp\/v2\/media?parent=134"}],"curies":[{"name":"wp","href":"https:\/\/api.w.org\/{rel}","templated":true}]}}